{"id":108,"date":"2024-02-06T14:05:32","date_gmt":"2024-02-06T14:05:32","guid":{"rendered":"http:\/\/zauberkunst-frommholz.de\/?page_id=108"},"modified":"2024-02-06T14:05:32","modified_gmt":"2024-02-06T14:05:32","slug":"lohnende-adressen-2","status":"publish","type":"page","link":"https:\/\/zauberkunst-frommholz.de\/?page_id=108","title":{"rendered":"Lohnende Adressen"},"content":{"rendered":"<div>\n<h2>Neum\u00fcnsters gute Adresse f\u00fcr Privat- und Firmenkunden:<\/h2>\n<\/div>\n<div>\n<h4>VR Bank Neum\u00fcnster eG, Gro\u00dfflecken 56-64,\u00a024534 Neum\u00fcnster<\/h4>\n<h4><a title=\"VR Bank Neum\u00fcnster besuchen\" href=\"https:\/\/www.vr-nms.de\/privatkunden.html\" target=\"_blank\" rel=\"noopener\">https:\/\/www.vr-nms.de<\/a><\/h4>\n<\/div>\n","protected":false},"excerpt":{"rendered":"<p>Neum\u00fcnsters gute Adresse f\u00fcr Privat- und Firmenkunden: VR Bank Neum\u00fcnster eG, Gro\u00dfflecken 56-64,\u00a024534 Neum\u00fcnster https:\/\/www.vr-nms.de<\/p>\n","protected":false},"author":1,"featured_media":0,"parent":0,"menu_order":0,"comment_status":"closed","ping_status":"closed","template":"","meta":{"footnotes":""},"_links":{"self":[{"href":"https:\/\/zauberkunst-frommholz.de\/index.php?rest_route=\/wp\/v2\/pages\/108"}],"collection":[{"href":"https:\/\/zauberkunst-frommholz.de\/index.php?rest_route=\/wp\/v2\/pages"}],"about":[{"href":"https:\/\/zauberkunst-frommholz.de\/index.php?rest_route=\/wp\/v2\/types\/page"}],"author":[{"embeddable":true,"href":"https:\/\/zauberkunst-frommholz.de\/index.php?rest_route=\/wp\/v2\/users\/1"}],"replies":[{"embeddable":true,"href":"https:\/\/zauberkunst-frommholz.de\/index.php?rest_route=%2Fwp%2Fv2%2Fcomments&post=108"}],"version-history":[{"count":2,"href":"https:\/\/zauberkunst-frommholz.de\/index.php?rest_route=\/wp\/v2\/pages\/108\/revisions"}],"predecessor-version":[{"id":112,"href":"https:\/\/zauberkunst-frommholz.de\/index.php?rest_route=\/wp\/v2\/pages\/108\/revisions\/112"}],"wp:attachment":[{"href":"https:\/\/zauberkunst-frommholz.de\/index.php?rest_route=%2Fwp%2Fv2%2Fmedia&parent=108"}],"curies":[{"name":"wp","href":"https:\/\/api.w.org\/{rel}","templated":true}]}}